{"id":25,"date":"2021-07-20T03:06:24","date_gmt":"2021-07-20T03:06:24","guid":{"rendered":"https:\/\/larutadelmapache.com\/?page_id=25"},"modified":"2021-12-29T23:41:03","modified_gmt":"2021-12-29T23:41:03","slug":"bienvenidos","status":"publish","type":"page","link":"https:\/\/larutadelmapache.com\/","title":{"rendered":"Bienvenidos"},"content":{"rendered":"\n<p><\/p>\n\n\n<div id=\"metaslider-id-175\" style=\"width: 100%;\" class=\"ml-slider-3-27-13 metaslider metaslider-flex metaslider-175 ml-slider\">\n    <div id=\"metaslider_container_175\">\n        <div id=\"metaslider_175\">\n            <ul aria-live=\"polite\" class=\"slides\">\n                <li style=\"display: block; width: 100%;\" class=\"slide-180 ms-image\"><img src=\"https:\/\/larutadelmapache.com\/wp-content\/uploads\/2021\/07\/Mazatlan-685x300.jpg\" height=\"350\" width=\"800\" alt=\"\" class=\"slider-175 slide-180\" title=\"Mazatlan\" \/><\/li>\n                <li style=\"display: none; width: 100%;\" class=\"slide-181 ms-image\"><img src=\"https:\/\/larutadelmapache.com\/wp-content\/uploads\/2021\/07\/Las-Vegas-685x300.jpg\" height=\"350\" width=\"800\" alt=\"\" class=\"slider-175 slide-181\" title=\"Las Vegas\" \/><\/li>\n                <li style=\"display: none; width: 100%;\" class=\"slide-182 ms-image\"><img src=\"https:\/\/larutadelmapache.com\/wp-content\/uploads\/2021\/07\/Cancun-685x300.jpg\" height=\"350\" width=\"800\" alt=\"\" class=\"slider-175 slide-182\" title=\"Cancun\" \/><\/li>\n                <li style=\"display: none; width: 100%;\" class=\"slide-183 ms-image\"><img src=\"https:\/\/larutadelmapache.com\/wp-content\/uploads\/2021\/07\/Disneyland-685x300.jpg\" height=\"350\" width=\"800\" alt=\"\" class=\"slider-175 slide-183\" title=\"Disneyland\" \/><\/li>\n            <\/ul>\n        <\/div>\n        \n    <\/div>\n<\/div>\n\n\n\n<p><\/p>\n\n\n\n<br><br><h3 class=\"has-text-align-center\" id=\"Nosotros\">Somos la Agencia mas grande de M\u00e9xico<\/h3>\n\n\n\n<p class=\"has-text-align-center\">Por que elegirnos a Nosotros<\/p>\n\n\n\n<p><\/p>\n\n\n\n<div class=\"wp-block-media-text alignwide is-stacked-on-mobile\"><figure class=\"wp-block-media-text__media\"><img loading=\"lazy\" width=\"800\" height=\"800\" src=\"https:\/\/larutadelmapache.com\/wp-content\/uploads\/2021\/07\/about-img.jpg\" alt=\"\" class=\"wp-image-45 size-full\" srcset=\"https:\/\/larutadelmapache.com\/wp-content\/uploads\/2021\/07\/about-img.jpg 800w, https:\/\/larutadelmapache.com\/wp-content\/uploads\/2021\/07\/about-img-300x300.jpg 300w, https:\/\/larutadelmapache.com\/wp-content\/uploads\/2021\/07\/about-img-150x150.jpg 150w, https:\/\/larutadelmapache.com\/wp-content\/uploads\/2021\/07\/about-img-768x768.jpg 768w\" sizes=\"(max-width: 800px) 100vw, 800px\" \/><\/figure><div class=\"wp-block-media-text__content\">\n<h2>Nosotros Convertimos tu viaje en el mejor de tus recuerdos<\/h2>\n\n\n\n<p>Porque sabemos que lo \u00faltimo que quieres es preocuparte en tu viaje.&nbsp;&nbsp;<\/p>\n\n\n\n<p>En la ruta del mapache tu \u00fanica preocupaci\u00f3n ser\u00e1 disfrutar, deja que nosotros nos encarguemos del resto.&nbsp; &nbsp; &nbsp; &nbsp;&nbsp;<\/p>\n\n\n\n<p>Somos una agencia comprometida con nuestros clientes, nuestra mejor carta es su misma recomendaci\u00f3n, deja que nosotros hagamos realidad ese sue\u00f1o de conocer el mundo.<\/p>\n\n\n\n<p>Te aseguramos no te arrepentir\u00e1s.<\/p>\n\n\n\n<p>&nbsp; &nbsp; &nbsp; &nbsp;<strong>Y t\u00fa, \u00bfque ruta del mapache quieres seguir?<\/strong><\/p>\n<\/div><\/div>\n\n\n\n<div class=\"wp-container-3 wp-block-columns\">\n<div class=\"wp-container-2 wp-block-column\" style=\"flex-basis:100%\">\n<div class=\"wp-container-1 wp-block-group\"><div class=\"wp-block-group__inner-container\"><\/div><\/div>\n<\/div>\n<\/div>\n\n\n\n<div class=\"wp-container-5 wp-block-columns\">\n<div class=\"wp-container-4 wp-block-column\">\n<br><br><br><h1 class=\"has-text-align-center\">Tu siguiente proyecto est\u00e1 en camino &nbsp;<\/h1>\n\n\n\n<p class=\"has-text-align-center\">Estamos disponibles para ayudarte y llevarte a tu pr\u00f3xima aventura. Conoce nuestras mejores ofertas y reserva las vacaciones que te mereces, tenemos para ti los mejores destinos Nacionales e Internacionales.<\/p>\n\n\n\n<p><a href=\"https:\/\/www.magnicharters.com\/clientedirecto\/index.aspx?agencia=C6A6A7A8AFAA\"><\/a><\/p>\n<\/div>\n<\/div>\n\n\n\n<div class=\"wp-container-9 wp-block-columns\">\n<div class=\"wp-container-8 wp-block-column\" style=\"flex-basis:100%\">\n<div class=\"wp-container-7 wp-block-columns\">\n<div class=\"wp-container-6 wp-block-column\" style=\"flex-basis:100%\"><\/div>\n<\/div>\n<\/div>\n<\/div>\n\n\n\n<h3 class=\"has-text-align-center id=\" id=\"Destinos\"><strong>Nuestros Destinos<\/strong><\/h3>\n\n\n\n<p class=\"has-text-align-center\">Selecciona e Destino de tu preferencia y pregunta por nuestras promociones.<\/p>\n\n\n\n<p><\/p>\n\n\n<p>[wds id=\u00bb1&#8243;]<\/p>\n\n\n\n<figure class=\"wp-block-pullquote\"><blockquote><p>Algunas caracter\u00edsticas que nos hacen \u00fanicos<\/p><cite>\u00bfy t\u00fa a donde sigues la ruta del mapache?.<\/cite><\/blockquote><\/figure>\n\n\n\n<div class=\"wp-container-13 wp-block-columns\">\n<div class=\"wp-container-10 wp-block-column\">\n<p class=\"has-text-align-center fa fa-rocket has-vivid-cyan-blue-color has-text-color\" style=\"font-size:19px\"><strong><em>Destinos Nacionales<\/em><\/strong><\/p>\n\n\n\n<ul><li>Pueblos M\u00e1gicos.<\/li><li>Caribe Mexicano.<\/li><li>Playas del pacifico.<\/li><li>Entre Otros.<\/li><\/ul>\n\n\n\n<p><\/p>\n<\/div>\n\n\n\n<div class=\"wp-container-11 wp-block-column\">\n<p class=\"has-text-align-center fa fa-bus has-vivid-cyan-blue-color has-text-color\" style=\"font-size:19px\"><strong><em>Tours Terrestres<\/em><\/strong><\/p>\n\n\n\n<ul><li>Turismo Local.<\/li><li>Turismo Rural<\/li><li>Turismo de Aventura<\/li><li>Turismo Gastron\u00f3mico<\/li><li>Turismo Deportivo<\/li><\/ul>\n<\/div>\n\n\n\n<div class=\"wp-container-12 wp-block-column\" style=\"flex-basis:36%\">\n<p class=\"has-text-align-center fa fa-phone has-vivid-cyan-blue-color has-text-color\" style=\"font-size:19px\"><strong><em>Gran Apoyo<\/em><\/strong><\/p>\n\n\n\n<ul><li>Resolvemos todas tus dudas.<\/li><li>Buscamos el mejor plan para ti<\/li><li>Estamos contigo desde la planeaci\u00f3n,<\/li><li>hasta finalizar tu viaje.<\/li><\/ul>\n\n\n\n<p><\/p>\n<\/div>\n<\/div>\n\n\n\n<p><\/p>\n\n\n\n<h3 class=\"has-text-align-center\" id=\"Contacto\"><strong>Solo d\u00e9janos tus datos<\/strong><\/h3>\n\n\n\n<p class=\"has-text-align-center\">Nosotros te daremos la informaci\u00f3n necesaria.<\/p>\n\n\n\n<br><br><br><div role=\"form\" class=\"wpcf7\" id=\"wpcf7-f129-o1\" lang=\"es-ES\" dir=\"ltr\">\n<div class=\"screen-reader-response\"><p role=\"status\" aria-live=\"polite\" aria-atomic=\"true\"><\/p> <ul><\/ul><\/div>\n<form action=\"\/index.php\/wp-json\/wp\/v2\/pages\/25#wpcf7-f129-o1\" method=\"post\" class=\"wpcf7-form init\" novalidate=\"novalidate\" data-status=\"init\">\n<div style=\"display: none;\">\n<input type=\"hidden\" name=\"_wpcf7\" value=\"129\" \/>\n<input type=\"hidden\" name=\"_wpcf7_version\" value=\"5.6.4\" \/>\n<input type=\"hidden\" name=\"_wpcf7_locale\" value=\"es_ES\" \/>\n<input type=\"hidden\" name=\"_wpcf7_unit_tag\" value=\"wpcf7-f129-o1\" \/>\n<input type=\"hidden\" name=\"_wpcf7_container_post\" value=\"0\" \/>\n<input type=\"hidden\" name=\"_wpcf7_posted_data_hash\" value=\"\" \/>\n<\/div>\n<p><label> Enter Your Name<br \/>\n   <span class=\"wpcf7-form-control-wrap\" data-name=\"your-name\"><input type=\"text\" name=\"your-name\" value=\"\" size=\"40\" class=\"wpcf7-form-control wpcf7-text wpcf7-validates-as-required\" aria-required=\"true\" aria-invalid=\"false\" \/><\/span> <\/label>         <\/p>\n<p><label> Enter Your Email Address<br \/>\n<span class=\"wpcf7-form-control-wrap\" data-name=\"your-email\"><input type=\"email\" name=\"your-email\" value=\"\" size=\"40\" class=\"wpcf7-form-control wpcf7-text wpcf7-email wpcf7-validates-as-required wpcf7-validates-as-email\" aria-required=\"true\" aria-invalid=\"false\" \/><\/span> <\/label><\/p>\n<p><label> Enter Your Phone<br \/>\n    <span class=\"wpcf7-form-control-wrap\" data-name=\"Telefono\"><input type=\"tel\" name=\"Telefono\" value=\"\" size=\"40\" class=\"wpcf7-form-control wpcf7-text wpcf7-tel wpcf7-validates-as-required wpcf7-validates-as-tel\" aria-required=\"true\" aria-invalid=\"false\" \/><\/span><\/label><\/p>\n<p><label> Enter Your Subject<br \/>\n    <span class=\"wpcf7-form-control-wrap\" data-name=\"your-subject\"><input type=\"text\" name=\"your-subject\" value=\"\" size=\"40\" class=\"wpcf7-form-control wpcf7-text wpcf7-validates-as-required\" aria-required=\"true\" aria-invalid=\"false\" \/><\/span> <\/label><\/p>\n<p><label> Messege (opcional)<br \/>\n    <span class=\"wpcf7-form-control-wrap\" data-name=\"your-message\"><textarea name=\"your-message\" cols=\"40\" rows=\"10\" class=\"wpcf7-form-control wpcf7-textarea\" aria-invalid=\"false\"><\/textarea><\/span> <\/label><\/p>\n<p><input type=\"submit\" value=\"Send\" class=\"wpcf7-form-control has-spinner wpcf7-submit\" \/><\/p>\n<div class=\"wpcf7-response-output\" aria-hidden=\"true\"><\/div><\/form><\/div>\n\t\t\t\t\t\t\t\t\t\t<div class=\"home_title\"><h2><center><a href=\"https:\/\/www.magnicharters.com\/clientedirecto\/index.aspx?agencia=C6A6A7A8AFAA\"><img src=\"https:\/\/www.magnicharters.com\/Agencias\/ImagenesAccessoCD\/banner728x90.gif\" border=\"0\"><\/a><\/center><\/h2><\/div>\n","protected":false},"excerpt":{"rendered":"<p>Somos la Agencia mas grande de M\u00e9xico Por que elegirnos a Nosotros Nosotros Convertimos tu viaje en el mejor de tus recuerdos Porque sabemos que lo \u00faltimo que quieres es preocuparte en tu viaje.&nbsp;&nbsp; En la ruta del mapache tu \u00fanica preocupaci\u00f3n ser\u00e1 disfrutar, deja que nosotros nos encarguemos del resto.&nbsp; &nbsp; &nbsp; &nbsp;&nbsp; Somos [&hellip;]<\/p>\n","protected":false},"author":1,"featured_media":0,"parent":0,"menu_order":0,"comment_status":"closed","ping_status":"closed","template":"templates\/no-sidebar.php","meta":[],"_links":{"self":[{"href":"https:\/\/larutadelmapache.com\/index.php\/wp-json\/wp\/v2\/pages\/25"}],"collection":[{"href":"https:\/\/larutadelmapache.com\/index.php\/wp-json\/wp\/v2\/pages"}],"about":[{"href":"https:\/\/larutadelmapache.com\/index.php\/wp-json\/wp\/v2\/types\/page"}],"author":[{"embeddable":true,"href":"https:\/\/larutadelmapache.com\/index.php\/wp-json\/wp\/v2\/users\/1"}],"replies":[{"embeddable":true,"href":"https:\/\/larutadelmapache.com\/index.php\/wp-json\/wp\/v2\/comments?post=25"}],"version-history":[{"count":93,"href":"https:\/\/larutadelmapache.com\/index.php\/wp-json\/wp\/v2\/pages\/25\/revisions"}],"predecessor-version":[{"id":194,"href":"https:\/\/larutadelmapache.com\/index.php\/wp-json\/wp\/v2\/pages\/25\/revisions\/194"}],"wp:attachment":[{"href":"https:\/\/larutadelmapache.com\/index.php\/wp-json\/wp\/v2\/media?parent=25"}],"curies":[{"name":"wp","href":"https:\/\/api.w.org\/{rel}","templated":true}]}}